{"id":3515,"date":"2014-12-20T20:23:31","date_gmt":"2014-12-20T20:23:31","guid":{"rendered":"http:\/\/nuovaidea.ro\/?page_id=3515"},"modified":"2023-02-16T20:36:54","modified_gmt":"2023-02-16T18:36:54","slug":"prinde-buchetul-de-mireasa-gratuit","status":"publish","type":"page","link":"https:\/\/nuovaidea.ro\/en\/prinde-buchetul-de-mireasa-gratuit\/","title":{"rendered":"Prinde buchetul de mireas\u0103!"},"content":{"rendered":"<div class=\"wpb-content-wrapper\"><div class=\"vc_row wpb_row vc_row-fluid vc_custom_1560952291251\"><div class=\"wpb_column vc_column_container vc_col-sm-12\"><div class=\"vc_column-inner\"><div class=\"wpb_wrapper\">\n\t<div class=\"wpb_text_column wpb_content_element\" >\n\t\t<div class=\"wpb_wrapper\">\n\t\t\t<h5>Art. 1. PROMOTION ORGANIZER<\/h5>\n<p><strong>\u00a0<\/strong>The organizer of the promotion &quot;Catch the free bridal bouquet at your wedding&quot; is the commercial company NUOVA IDEA SRL, a legal entity of Romanian nationality, with its registered office in Ploiesti, 2 Triumfului Street, Prahova, serial number in the Trade Register J29\/434\/2008, unique fiscal registration code RO23287609.<\/p>\n<p>The promotion will be carried out in compliance with the provisions contained in these regulations. The terms and conditions of these Regulations, as presented below, are mandatory for all participants in the promotion. The organizer reserves the right in exceptional cases to modify the Regulations, bringing the changes made to the attention of the participants, through the website www.nuovaidea.ro, observing a period of at least 48 hours before entry into force.<\/p>\n<h5>Art. 2. DURATION AND AREA OF THE PROMOTION<\/h5>\n<p>The promotion &quot;Get the free bridal bouquet at your wedding&quot; will take place during the period<\/p>\n<p><strong>February 15, 2023 \u2013 April 30, 2023<\/strong> and the coverage area includes the counties of Prahova, Ilfov, Bucharest. The Organizer reserves the right to modify the Promotion Period during its duration, by concluding an additional act to these regulations and publishing it on www.nuovaidea.ro<\/p>\n<h5>Art. 3. CONDITIONS OF PARTICIPATION<\/h5>\n<p>This promotion is open to people over 18 years of age with domicile or residence in Romania.<\/p>\n<p>Participation in this promotion constitutes full and free acceptance of the provisions of these Regulations. The right to participate belongs exclusively to the individual who meets the conditions imposed by the Regulations.<\/p>\n<p>Nuova Idea employees, as well as any other persons directly related to this promotion and their close relatives, cannot participate in the promotion.<\/p>\n<h5><strong>\u00a0<\/strong>Art. 4. HOW THE PROMOTION IS CARRIED OUT<\/h5>\n<p><strong>\u00a0<\/strong>In order for a Participant to participate in this Promotion, they must comply with the following mechanism:<\/p>\n<ul>\n<li>Individuals must sign a contract for wedding event decoration services for the year 2023 between February 15 and April 30, 2023.<\/li>\n<li>The bridal bouquet is\u00a0<strong>free<\/strong>\u00a0within the limit of 10 % of the contract value and will be carried out in accordance with the other\u00a0<a href=\"https:\/\/nuovaidea.ro\/en\/galerie\/\">floral arrangements<\/a>, with the theme of the wedding. The promotion mechanism applies to contracts greater than or equal to the value of <b>3500<\/b>\u00a0lions.<\/li>\n<\/ul>\n<h5><strong>\u00a0<\/strong>Art. 5. FEES<\/h5>\n<p>The organizer bears the full amount of taxes related to the prize won, owed by the winning individuals. From the date of transfer of ownership of the prizes, all legal expenses related to these goods are the responsibility of the owner.<\/p>\n<h5>Art. 6. GENERAL RULES<\/h5>\n<ul>\n<li>By participating in the &quot;Catch the Bridal Bouquet&quot; promotion, subject to validation in accordance with the provisions of these regulations, participants agree to the provisions of these promotion regulations.<\/li>\n<\/ul>\n<ul>\n<li>By participating and validating their registration for this promotion, participants express their express and unequivocal agreement that their personal data be stored and processed by the Promotion Organizer for the purpose of awarding and delivering the prizes, as well as fulfilling the Organizer&#039;s legal\/fiscal obligations in accordance with the promotion.<\/li>\n<\/ul>\n<ul>\n<li>The organizer undertakes that the personal data of the participants will not be disseminated to third parties, except in the situations expressly provided for by these regulations.<\/li>\n<\/ul>\n<p>At the express request of the participant, sent to the email address <a href=\"mailto:office@nuovaidea.ro\">office@nuovaidea.ro<\/a> Nuova Idea undertakes, as appropriate:<\/p>\n<ul>\n<li>to confirm to the applicant whether or not they process personal data, free of charge for one request per year;<\/li>\n<li>to rectify, update, block, delete or transform into anonymous data, free of charge, data whose processing does not comply with the provisions of Law no. 677\/2001 on the protection of individuals with regard to the processing of personal data and the free movement of such data;<\/li>\n<li>to cease processing the applicant&#039;s personal data.<br \/>\nNuova Idea SRL is obliged to ensure appropriate technical and organizational measures to protect personal data against accidental or unlawful destruction, loss, modification, disclosure or unauthorized access, as well as against any other form of illegal processing.<\/li>\n<\/ul>\n<ul>\n<li>Winners may be asked to participate in advertising activities accompanying or resulting from this campaign, without further obligations or payments.<\/li>\n<li>The official regulations for the promotional campaign are available free of charge to any applicant.<\/li>\n<\/ul>\n<h5>Art. 7. OTHER CLAUSES<\/h5>\n<p>The Organizer&#039;s decisions regarding the Promotion are final and applicable to all Participants.<\/p>\n<p>The Organizer is entitled to take all necessary measures in case of attempted fraud of the system, abuse or any other attempts that could affect the image or the costs involved in organizing and running the Promotion.<\/p>\n\n\t\t<\/div>\n\t<\/div>\n<\/div><\/div><\/div><\/div><div class=\"vc_row wpb_row vc_row-fluid\"><div class=\"wpb_column vc_column_container vc_col-sm-12\"><div class=\"vc_column-inner\"><div class=\"wpb_wrapper\"><div class=\"vc_empty_space\"   style=\"height: 50px\"><span class=\"vc_empty_space_inner\"><\/span><\/div><\/div><\/div><\/div><\/div><div class=\"vc_row wpb_row vc_row-fluid vc_custom_1499262133597\"><div class=\"wpb_column vc_column_container vc_col-sm-6\"><div class=\"vc_column-inner\"><div class=\"wpb_wrapper\"><div id=\"ultimate-heading-42569e04c112e0ee\" class=\"uvc-heading ult-adjust-bottom-margin ultimate-heading-42569e04c112e0ee uvc-8795\" data-hspacer=\"no_spacer\"  data-halign=\"left\" style=\"text-align:left\"><div class=\"uvc-heading-spacer no_spacer\" style=\"top\"><\/div><div class=\"uvc-main-heading ult-responsive\"  data-ultimate-target='.uvc-heading.ultimate-heading-42569e04c112e0ee h2'  data-responsive-json-new='{\"font-size\":\"desktop:42px;tablet:34px;tablet_portrait:32px;mobile_landscape:22px;mobile:22px;\",\"line-height\":\"desktop:52px;tablet:44px;tablet_portrait:42px;mobile_landscape:32px;mobile:32px;\"}' ><h2 style=\"font-family:&#039;Playfair Display&#039;;font-weight:700;color:#222222;margin-bottom:30px;\">Organize your dream wedding with us!<\/h2><\/div><div class=\"uvc-sub-heading ult-responsive\"  data-ultimate-target='.uvc-heading.ultimate-heading-42569e04c112e0ee .uvc-sub-heading '  data-responsive-json-new='{\"font-size\":\"desktop:18px;tablet:18px;tablet_portrait:16px;mobile_landscape:14px;mobile:14px;\",\"line-height\":\"desktop:28px;tablet:28px;tablet_portrait:26px;mobile_landscape:22px;mobile:22px;\"}'  style=\"font-family:&#039;Merriweather&#039;;font-weight:300;color:#222222;margin-bottom:40px;\">Choose our services for organizing your wedding and we will offer you the bridal bouquet for free!<\/div><\/div><div class=\"ubtn-ctn-left\"><a class=\"ubtn-link ult-adjust-bottom-margin ubtn-left ubtn-normal\" href=\"http:\/\/nuovaidea.ro\/en\/gratuit-buchetul-de-mireasa\/\" title=\"Free bridal bouquet\" ><button type=\"button\" id=\"ubtn-4412\"  class=\"ubtn ult-adjust-bottom-margin ult-responsive ubtn-normal ubtn-fade-bg  none  ubtn-left   tooltip-69e04c112e14f\"  data-hover=\"#ffffff\" data-border-color=\"\" data-bg=\"#fae0d2\" data-hover-bg=\"#222222\" data-border-hover=\"\" data-shadow-hover=\"\" data-shadow-click=\"none\" data-shadow=\"\" data-shd-shadow=\"\"  data-ultimate-target='#ubtn-4412'  data-responsive-json-new='{\"font-size\":\"desktop:13px;\",\"line-height\":\"desktop:13px;\"}'  style=\"font-family:&#039;Playfair Display&#039;;font-weight:700;border:none;background: #fae0d2;color: #222222;\"><span class=\"ubtn-hover\" style=\"background-color:#222222\"><\/span><span class=\"ubtn-data ubtn-text\" >CATCH THE BOUQUET<\/span><\/button><\/a><\/div><\/div><\/div><\/div><div class=\"wpb_column vc_column_container vc_col-sm-6\"><div class=\"vc_column-inner\"><div class=\"wpb_wrapper\"><\/div><\/div><\/div><\/div><!-- Row Backgrounds --><div class=\"upb_bg_img\" data-ultimate-bg=\"url(https:\/\/nuovaidea.ro\/wp-content\/uploads\/2017\/07\/slider-bg18.jpg?v=1581001905)\" data-image-id=\"id^365|url^http:\/\/nuovaidea.ro\/wp-content\/uploads\/2017\/07\/slider-bg18.jpg|caption^null|alt^null|title^slider-bg18|description^null\" data-ultimate-bg-style=\"vcpb-default\" data-bg-img-repeat=\"repeat\" data-bg-img-size=\"cover\" data-bg-img-position=\"\" data-parallx_sense=\"30\" data-bg-override=\"full\" data-bg_img_attach=\"scroll\" data-upb-overlay-color=\"\" data-upb-bg-animation=\"\" data-fadeout=\"\" data-bg-animation=\"left-animation\" data-bg-animation-type=\"h\" data-animation-repeat=\"repeat\" data-fadeout-percentage=\"30\" data-parallax-content=\"\" data-parallax-content-sense=\"30\" data-row-effect-mobile-disable=\"true\" data-img-parallax-mobile-disable=\"true\" data-rtl=\"false\"  data-custom-vc-row=\"\"  data-vc=\"8.4.1\"  data-is_old_vc=\"\"  data-theme-support=\"\"   data-overlay=\"false\" data-overlay-color=\"\" data-overlay-pattern=\"\" data-overlay-pattern-opacity=\"\" data-overlay-pattern-size=\"\"    ><\/div>\n<\/div>","protected":false},"excerpt":{"rendered":"Art. 1. ORGANIZATORUL PROMOTIEI \u00a0Organizatorul promotiei \u201d Prinde buchetul de mireasa gratuit la nunta ta\u201d este societatea comerciala NUOVA IDEA SRL, persoana juridica de nationalitate romana, avand sediul social in Ploiesti, Str. Triumfului nr.2, Prahova, numar de ordine in Registrul Comertului J29\/434\/2008, cod unic de inregistrare fiscala RO23287609. Promotia se va derula cu respectarea prevederilor [...]","protected":false},"author":1,"featured_media":0,"parent":0,"menu_order":0,"comment_status":"closed","ping_status":"open","template":"","meta":{"_joinchat":[],"footnotes":""},"class_list":["post-3515","page","type-page","status-publish","hentry"],"yoast_head":"<!-- This site is optimized with the Yoast SEO plugin v26.7 - https:\/\/yoast.com\/wordpress\/plugins\/seo\/ -->\n<title>Prinde buchetul de mireas\u0103! | Nuova Idea<\/title>\n<meta name=\"description\" content=\"Prinde buchetul de mireas\u0103 gratuit la nunta ta! Participarea este gratuit\u0103. Promo\u0163ia se desf\u0103\u015foar\u0103 \u00een perioada 10 februarie - 30 apilie 2018.\" \/>\n<meta name=\"robots\" content=\"index, follow, max-snippet:-1, max-image-preview:large, max-video-preview:-1\" \/>\n<link rel=\"canonical\" href=\"https:\/\/nuovaidea.ro\/en\/prinde-buchetul-de-mireasa-gratuit\/\" \/>\n<meta property=\"og:locale\" content=\"en_GB\" \/>\n<meta property=\"og:type\" content=\"article\" \/>\n<meta property=\"og:title\" content=\"Prinde buchetul de mireas\u0103! | Nuova Idea\" \/>\n<meta property=\"og:description\" content=\"Prinde buchetul de mireas\u0103 gratuit la nunta ta! Participarea este gratuit\u0103. Promo\u0163ia se desf\u0103\u015foar\u0103 \u00een perioada 10 februarie - 30 apilie 2018.\" \/>\n<meta property=\"og:url\" content=\"https:\/\/nuovaidea.ro\/en\/prinde-buchetul-de-mireasa-gratuit\/\" \/>\n<meta property=\"og:site_name\" content=\"Nuova Idea\" \/>\n<meta property=\"article:publisher\" content=\"https:\/\/www.facebook.com\/NuovaIdeaPloiesti\" \/>\n<meta property=\"article:modified_time\" content=\"2023-02-16T18:36:54+00:00\" \/>\n<meta property=\"og:image\" content=\"https:\/\/nuovaidea.ro\/wp-content\/uploads\/2014\/04\/NuovaIdea.png?v=1581004740\" \/>\n\t<meta property=\"og:image:width\" content=\"397\" \/>\n\t<meta property=\"og:image:height\" content=\"85\" \/>\n\t<meta property=\"og:image:type\" content=\"image\/png\" \/>\n<meta name=\"twitter:label1\" content=\"Estimated reading time\" \/>\n\t<meta name=\"twitter:data1\" content=\"5 minutes\" \/>\n<script type=\"application\/ld+json\" class=\"yoast-schema-graph\">{\"@context\":\"https:\/\/schema.org\",\"@graph\":[{\"@type\":\"WebPage\",\"@id\":\"https:\/\/nuovaidea.ro\/prinde-buchetul-de-mireasa-gratuit\/\",\"url\":\"https:\/\/nuovaidea.ro\/prinde-buchetul-de-mireasa-gratuit\/\",\"name\":\"Prinde buchetul de mireas\u0103! | Nuova Idea\",\"isPartOf\":{\"@id\":\"https:\/\/nuovaidea.ro\/#website\"},\"datePublished\":\"2014-12-20T20:23:31+00:00\",\"dateModified\":\"2023-02-16T18:36:54+00:00\",\"description\":\"Prinde buchetul de mireas\u0103 gratuit la nunta ta! Participarea este gratuit\u0103. Promo\u0163ia se desf\u0103\u015foar\u0103 \u00een perioada 10 februarie - 30 apilie 2018.\",\"breadcrumb\":{\"@id\":\"https:\/\/nuovaidea.ro\/prinde-buchetul-de-mireasa-gratuit\/#breadcrumb\"},\"inLanguage\":\"en-GB\",\"potentialAction\":[{\"@type\":\"ReadAction\",\"target\":[\"https:\/\/nuovaidea.ro\/prinde-buchetul-de-mireasa-gratuit\/\"]}]},{\"@type\":\"BreadcrumbList\",\"@id\":\"https:\/\/nuovaidea.ro\/prinde-buchetul-de-mireasa-gratuit\/#breadcrumb\",\"itemListElement\":[{\"@type\":\"ListItem\",\"position\":1,\"name\":\"Acas\u0103\",\"item\":\"https:\/\/nuovaidea.ro\/\"},{\"@type\":\"ListItem\",\"position\":2,\"name\":\"Prinde buchetul de mireas\u0103!\"}]},{\"@type\":\"WebSite\",\"@id\":\"https:\/\/nuovaidea.ro\/#website\",\"url\":\"https:\/\/nuovaidea.ro\/\",\"name\":\"Nuova Idea\",\"description\":\"pentru momente deosebite\",\"publisher\":{\"@id\":\"https:\/\/nuovaidea.ro\/#organization\"},\"potentialAction\":[{\"@type\":\"SearchAction\",\"target\":{\"@type\":\"EntryPoint\",\"urlTemplate\":\"https:\/\/nuovaidea.ro\/?s={search_term_string}\"},\"query-input\":{\"@type\":\"PropertyValueSpecification\",\"valueRequired\":true,\"valueName\":\"search_term_string\"}}],\"inLanguage\":\"en-GB\"},{\"@type\":\"Organization\",\"@id\":\"https:\/\/nuovaidea.ro\/#organization\",\"name\":\"Nuova Idea\",\"url\":\"https:\/\/nuovaidea.ro\/\",\"logo\":{\"@type\":\"ImageObject\",\"inLanguage\":\"en-GB\",\"@id\":\"https:\/\/nuovaidea.ro\/#\/schema\/logo\/image\/\",\"url\":\"https:\/\/nuovaidea.ro\/wp-content\/uploads\/2014\/04\/NuovaIdea.png?v=1581004740\",\"contentUrl\":\"https:\/\/nuovaidea.ro\/wp-content\/uploads\/2014\/04\/NuovaIdea.png?v=1581004740\",\"width\":397,\"height\":85,\"caption\":\"Nuova Idea\"},\"image\":{\"@id\":\"https:\/\/nuovaidea.ro\/#\/schema\/logo\/image\/\"},\"sameAs\":[\"https:\/\/www.facebook.com\/NuovaIdeaPloiesti\",\"https:\/\/x.com\/NuovaIdeaRO\",\"https:\/\/www.instagram.com\/nuovaideaploiesti\/\",\"https:\/\/ro.pinterest.com\/nuovaidea\/\",\"https:\/\/www.youtube.com\/channel\/UCbS2fJjONgV51Wt7zlM3tsw\"]}]}<\/script>\n<!-- \/ Yoast SEO plugin. -->","yoast_head_json":{"title":"Prinde buchetul de mireas\u0103! | Nuova Idea","description":"Prinde buchetul de mireas\u0103 gratuit la nunta ta! Participarea este gratuit\u0103. Promo\u0163ia se desf\u0103\u015foar\u0103 \u00een perioada 10 februarie - 30 apilie 2018.","robots":{"index":"index","follow":"follow","max-snippet":"max-snippet:-1","max-image-preview":"max-image-preview:large","max-video-preview":"max-video-preview:-1"},"canonical":"https:\/\/nuovaidea.ro\/en\/prinde-buchetul-de-mireasa-gratuit\/","og_locale":"en_GB","og_type":"article","og_title":"Prinde buchetul de mireas\u0103! | Nuova Idea","og_description":"Prinde buchetul de mireas\u0103 gratuit la nunta ta! Participarea este gratuit\u0103. Promo\u0163ia se desf\u0103\u015foar\u0103 \u00een perioada 10 februarie - 30 apilie 2018.","og_url":"https:\/\/nuovaidea.ro\/en\/prinde-buchetul-de-mireasa-gratuit\/","og_site_name":"Nuova Idea","article_publisher":"https:\/\/www.facebook.com\/NuovaIdeaPloiesti","article_modified_time":"2023-02-16T18:36:54+00:00","og_image":[{"width":397,"height":85,"url":"https:\/\/nuovaidea.ro\/wp-content\/uploads\/2014\/04\/NuovaIdea.png?v=1581004740","type":"image\/png"}],"twitter_misc":{"Estimated reading time":"5 minutes"},"schema":{"@context":"https:\/\/schema.org","@graph":[{"@type":"WebPage","@id":"https:\/\/nuovaidea.ro\/prinde-buchetul-de-mireasa-gratuit\/","url":"https:\/\/nuovaidea.ro\/prinde-buchetul-de-mireasa-gratuit\/","name":"Prinde buchetul de mireas\u0103! | Nuova Idea","isPartOf":{"@id":"https:\/\/nuovaidea.ro\/#website"},"datePublished":"2014-12-20T20:23:31+00:00","dateModified":"2023-02-16T18:36:54+00:00","description":"Prinde buchetul de mireas\u0103 gratuit la nunta ta! Participarea este gratuit\u0103. Promo\u0163ia se desf\u0103\u015foar\u0103 \u00een perioada 10 februarie - 30 apilie 2018.","breadcrumb":{"@id":"https:\/\/nuovaidea.ro\/prinde-buchetul-de-mireasa-gratuit\/#breadcrumb"},"inLanguage":"en-GB","potentialAction":[{"@type":"ReadAction","target":["https:\/\/nuovaidea.ro\/prinde-buchetul-de-mireasa-gratuit\/"]}]},{"@type":"BreadcrumbList","@id":"https:\/\/nuovaidea.ro\/prinde-buchetul-de-mireasa-gratuit\/#breadcrumb","itemListElement":[{"@type":"ListItem","position":1,"name":"Acas\u0103","item":"https:\/\/nuovaidea.ro\/"},{"@type":"ListItem","position":2,"name":"Prinde buchetul de mireas\u0103!"}]},{"@type":"WebSite","@id":"https:\/\/nuovaidea.ro\/#website","url":"https:\/\/nuovaidea.ro\/","name":"New Idea","description":"pentru momente deosebite","publisher":{"@id":"https:\/\/nuovaidea.ro\/#organization"},"potentialAction":[{"@type":"SearchAction","target":{"@type":"EntryPoint","urlTemplate":"https:\/\/nuovaidea.ro\/?s={search_term_string}"},"query-input":{"@type":"PropertyValueSpecification","valueRequired":true,"valueName":"search_term_string"}}],"inLanguage":"en-GB"},{"@type":"Organization","@id":"https:\/\/nuovaidea.ro\/#organization","name":"New Idea","url":"https:\/\/nuovaidea.ro\/","logo":{"@type":"ImageObject","inLanguage":"en-GB","@id":"https:\/\/nuovaidea.ro\/#\/schema\/logo\/image\/","url":"https:\/\/nuovaidea.ro\/wp-content\/uploads\/2014\/04\/NuovaIdea.png?v=1581004740","contentUrl":"https:\/\/nuovaidea.ro\/wp-content\/uploads\/2014\/04\/NuovaIdea.png?v=1581004740","width":397,"height":85,"caption":"Nuova Idea"},"image":{"@id":"https:\/\/nuovaidea.ro\/#\/schema\/logo\/image\/"},"sameAs":["https:\/\/www.facebook.com\/NuovaIdeaPloiesti","https:\/\/x.com\/NuovaIdeaRO","https:\/\/www.instagram.com\/nuovaideaploiesti\/","https:\/\/ro.pinterest.com\/nuovaidea\/","https:\/\/www.youtube.com\/channel\/UCbS2fJjONgV51Wt7zlM3tsw"]}]}},"_links":{"self":[{"href":"https:\/\/nuovaidea.ro\/en\/wp-json\/wp\/v2\/pages\/3515","targetHints":{"allow":["GET"]}}],"collection":[{"href":"https:\/\/nuovaidea.ro\/en\/wp-json\/wp\/v2\/pages"}],"about":[{"href":"https:\/\/nuovaidea.ro\/en\/wp-json\/wp\/v2\/types\/page"}],"author":[{"embeddable":true,"href":"https:\/\/nuovaidea.ro\/en\/wp-json\/wp\/v2\/users\/1"}],"replies":[{"embeddable":true,"href":"https:\/\/nuovaidea.ro\/en\/wp-json\/wp\/v2\/comments?post=3515"}],"version-history":[{"count":39,"href":"https:\/\/nuovaidea.ro\/en\/wp-json\/wp\/v2\/pages\/3515\/revisions"}],"predecessor-version":[{"id":11294,"href":"https:\/\/nuovaidea.ro\/en\/wp-json\/wp\/v2\/pages\/3515\/revisions\/11294"}],"wp:attachment":[{"href":"https:\/\/nuovaidea.ro\/en\/wp-json\/wp\/v2\/media?parent=3515"}],"curies":[{"name":"wp","href":"https:\/\/api.w.org\/{rel}","templated":true}]}}