{"id":10685,"date":"2020-06-14T19:31:35","date_gmt":"2020-06-14T16:31:35","guid":{"rendered":"https:\/\/nuovaidea.ro\/?post_type=product&#038;p=10685"},"modified":"2020-06-14T19:31:35","modified_gmt":"2020-06-14T16:31:35","slug":"buchet-softly-romantic-spring","status":"publish","type":"product","link":"https:\/\/nuovaidea.ro\/en\/magazin\/buchet-softly-romantic-spring\/","title":{"rendered":"Softly Romantic Spring Bouquet"},"content":{"rendered":"<p>Softly Romantic Spring Bridal Bouquet, whenever we dream of spring, every bride dreams of a wonderful bouquet of white peonies. The fragrance of the bouquet and its construction with the help of rice paper integrated into the structure make this bouquet an ideal modern bridal bouquet!<\/p>","protected":false},"excerpt":{"rendered":"<p>Softly Romantic Spring Bridal Bouquet, whenever we dream of spring, every bride dreams of a wonderful bouquet of white peonies. The fragrance of the bouquet and its construction with the help of rice paper integrated into the structure make this bouquet an ideal modern bridal bouquet!<\/p>\n<ul>\n<li>White peonies (April-June)<\/li>\n<li>Rice paper<\/li>\n<li>Other materials<\/li>\n<\/ul>","protected":false},"featured_media":10686,"comment_status":"open","ping_status":"closed","template":"","meta":{"_joinchat":[]},"product_brand":[],"product_cat":[407,389],"product_tag":[408,436],"class_list":{"0":"post-10685","1":"product","2":"type-product","3":"status-publish","4":"has-post-thumbnail","6":"product_cat-buchet-mireasa","7":"product_cat-decoratiuni-florale","8":"product_tag-buchet-mireasa","9":"product_tag-buchet-nunta","10":"product_shipping_class-decoratiuni-florale","12":"first","13":"onbackorder","14":"taxable","15":"shipping-taxable","16":"purchasable","17":"product-type-simple"},"yoast_head":"<!-- This site is optimized with the Yoast SEO plugin v27.4 - https:\/\/yoast.com\/product\/yoast-seo-wordpress\/ -->\n<title>Buchet Softly Romantic Spring - Nuova Idea<\/title>\n<meta name=\"description\" content=\"Buchet de mireasa Softly Romantic Spring, ori de c\u00e2te ori vis\u0103m la prim\u0103vara, orice mireasa viseaza la \u00a0un minunat buchet de bujori albi.\" \/>\n<meta name=\"robots\" content=\"index, follow, max-snippet:-1, max-image-preview:large, max-video-preview:-1\" \/>\n<link rel=\"canonical\" href=\"https:\/\/nuovaidea.ro\/en\/magazin\/buchet-softly-romantic-spring\/\" \/>\n<meta property=\"og:locale\" content=\"en_GB\" \/>\n<meta property=\"og:type\" content=\"article\" \/>\n<meta property=\"og:title\" content=\"Buchet Softly Romantic Spring - Nuova Idea\" \/>\n<meta property=\"og:description\" content=\"Buchet de mireasa Softly Romantic Spring, ori de c\u00e2te ori vis\u0103m la prim\u0103vara, orice mireasa viseaza la \u00a0un minunat buchet de bujori albi.\" \/>\n<meta property=\"og:url\" content=\"https:\/\/nuovaidea.ro\/en\/magazin\/buchet-softly-romantic-spring\/\" \/>\n<meta property=\"og:site_name\" content=\"Nuova Idea\" \/>\n<meta property=\"article:publisher\" content=\"https:\/\/www.facebook.com\/NuovaIdeaPloiesti\" \/>\n<meta property=\"og:image\" content=\"https:\/\/nuovaidea.ro\/wp-content\/uploads\/2020\/06\/NIBMM001.jpg\" \/>\n\t<meta property=\"og:image:width\" content=\"800\" \/>\n\t<meta property=\"og:image:height\" content=\"800\" \/>\n\t<meta property=\"og:image:type\" content=\"image\/jpeg\" \/>\n<script type=\"application\/ld+json\" class=\"yoast-schema-graph\">{\"@context\":\"https:\\\/\\\/schema.org\",\"@graph\":[{\"@type\":\"WebPage\",\"@id\":\"https:\\\/\\\/nuovaidea.ro\\\/magazin\\\/buchet-softly-romantic-spring\\\/\",\"url\":\"https:\\\/\\\/nuovaidea.ro\\\/magazin\\\/buchet-softly-romantic-spring\\\/\",\"name\":\"Buchet Softly Romantic Spring - Nuova Idea\",\"isPartOf\":{\"@id\":\"https:\\\/\\\/nuovaidea.ro\\\/#website\"},\"primaryImageOfPage\":{\"@id\":\"https:\\\/\\\/nuovaidea.ro\\\/magazin\\\/buchet-softly-romantic-spring\\\/#primaryimage\"},\"image\":{\"@id\":\"https:\\\/\\\/nuovaidea.ro\\\/magazin\\\/buchet-softly-romantic-spring\\\/#primaryimage\"},\"thumbnailUrl\":\"https:\\\/\\\/nuovaidea.ro\\\/wp-content\\\/uploads\\\/2020\\\/06\\\/NIBMM001.jpg\",\"datePublished\":\"2020-06-14T16:31:35+00:00\",\"description\":\"Buchet de mireasa Softly Romantic Spring, ori de c\u00e2te ori vis\u0103m la prim\u0103vara, orice mireasa viseaza la \u00a0un minunat buchet de bujori albi.\",\"breadcrumb\":{\"@id\":\"https:\\\/\\\/nuovaidea.ro\\\/magazin\\\/buchet-softly-romantic-spring\\\/#breadcrumb\"},\"inLanguage\":\"en-GB\",\"potentialAction\":[{\"@type\":\"ReadAction\",\"target\":[\"https:\\\/\\\/nuovaidea.ro\\\/magazin\\\/buchet-softly-romantic-spring\\\/\"]}]},{\"@type\":\"ImageObject\",\"inLanguage\":\"en-GB\",\"@id\":\"https:\\\/\\\/nuovaidea.ro\\\/magazin\\\/buchet-softly-romantic-spring\\\/#primaryimage\",\"url\":\"https:\\\/\\\/nuovaidea.ro\\\/wp-content\\\/uploads\\\/2020\\\/06\\\/NIBMM001.jpg\",\"contentUrl\":\"https:\\\/\\\/nuovaidea.ro\\\/wp-content\\\/uploads\\\/2020\\\/06\\\/NIBMM001.jpg\",\"width\":800,\"height\":800,\"caption\":\"Buchet Softly Romantic Spring\"},{\"@type\":\"BreadcrumbList\",\"@id\":\"https:\\\/\\\/nuovaidea.ro\\\/magazin\\\/buchet-softly-romantic-spring\\\/#breadcrumb\",\"itemListElement\":[{\"@type\":\"ListItem\",\"position\":1,\"name\":\"Acas\u0103\",\"item\":\"https:\\\/\\\/nuovaidea.ro\\\/\"},{\"@type\":\"ListItem\",\"position\":2,\"name\":\"Magazin\",\"item\":\"https:\\\/\\\/nuovaidea.ro\\\/magazin\\\/\"},{\"@type\":\"ListItem\",\"position\":3,\"name\":\"Buchet Softly Romantic Spring\"}]},{\"@type\":\"WebSite\",\"@id\":\"https:\\\/\\\/nuovaidea.ro\\\/#website\",\"url\":\"https:\\\/\\\/nuovaidea.ro\\\/\",\"name\":\"Nuova Idea\",\"description\":\"pentru momente deosebite\",\"publisher\":{\"@id\":\"https:\\\/\\\/nuovaidea.ro\\\/#organization\"},\"potentialAction\":[{\"@type\":\"SearchAction\",\"target\":{\"@type\":\"EntryPoint\",\"urlTemplate\":\"https:\\\/\\\/nuovaidea.ro\\\/?s={search_term_string}\"},\"query-input\":{\"@type\":\"PropertyValueSpecification\",\"valueRequired\":true,\"valueName\":\"search_term_string\"}}],\"inLanguage\":\"en-GB\"},{\"@type\":\"Organization\",\"@id\":\"https:\\\/\\\/nuovaidea.ro\\\/#organization\",\"name\":\"Nuova Idea\",\"url\":\"https:\\\/\\\/nuovaidea.ro\\\/\",\"logo\":{\"@type\":\"ImageObject\",\"inLanguage\":\"en-GB\",\"@id\":\"https:\\\/\\\/nuovaidea.ro\\\/#\\\/schema\\\/logo\\\/image\\\/\",\"url\":\"https:\\\/\\\/nuovaidea.ro\\\/wp-content\\\/uploads\\\/2014\\\/04\\\/NuovaIdea.png?v=1581004740\",\"contentUrl\":\"https:\\\/\\\/nuovaidea.ro\\\/wp-content\\\/uploads\\\/2014\\\/04\\\/NuovaIdea.png?v=1581004740\",\"width\":397,\"height\":85,\"caption\":\"Nuova Idea\"},\"image\":{\"@id\":\"https:\\\/\\\/nuovaidea.ro\\\/#\\\/schema\\\/logo\\\/image\\\/\"},\"sameAs\":[\"https:\\\/\\\/www.facebook.com\\\/NuovaIdeaPloiesti\",\"https:\\\/\\\/x.com\\\/NuovaIdeaRO\",\"https:\\\/\\\/www.instagram.com\\\/nuovaideaploiesti\\\/\",\"https:\\\/\\\/ro.pinterest.com\\\/nuovaidea\\\/\",\"https:\\\/\\\/www.youtube.com\\\/channel\\\/UCbS2fJjONgV51Wt7zlM3tsw\"]}]}<\/script>\n<!-- \/ Yoast SEO plugin. -->","yoast_head_json":{"title":"Buchet Softly Romantic Spring - Nuova Idea","description":"Buchet de mireasa Softly Romantic Spring, ori de c\u00e2te ori vis\u0103m la prim\u0103vara, orice mireasa viseaza la \u00a0un minunat buchet de bujori albi.","robots":{"index":"index","follow":"follow","max-snippet":"max-snippet:-1","max-image-preview":"max-image-preview:large","max-video-preview":"max-video-preview:-1"},"canonical":"https:\/\/nuovaidea.ro\/en\/magazin\/buchet-softly-romantic-spring\/","og_locale":"en_GB","og_type":"article","og_title":"Buchet Softly Romantic Spring - Nuova Idea","og_description":"Buchet de mireasa Softly Romantic Spring, ori de c\u00e2te ori vis\u0103m la prim\u0103vara, orice mireasa viseaza la \u00a0un minunat buchet de bujori albi.","og_url":"https:\/\/nuovaidea.ro\/en\/magazin\/buchet-softly-romantic-spring\/","og_site_name":"Nuova Idea","article_publisher":"https:\/\/www.facebook.com\/NuovaIdeaPloiesti","og_image":[{"width":800,"height":800,"url":"https:\/\/nuovaidea.ro\/wp-content\/uploads\/2020\/06\/NIBMM001.jpg","type":"image\/jpeg"}],"schema":{"@context":"https:\/\/schema.org","@graph":[{"@type":"WebPage","@id":"https:\/\/nuovaidea.ro\/magazin\/buchet-softly-romantic-spring\/","url":"https:\/\/nuovaidea.ro\/magazin\/buchet-softly-romantic-spring\/","name":"Buchet Softly Romantic Spring - Nuova Idea","isPartOf":{"@id":"https:\/\/nuovaidea.ro\/#website"},"primaryImageOfPage":{"@id":"https:\/\/nuovaidea.ro\/magazin\/buchet-softly-romantic-spring\/#primaryimage"},"image":{"@id":"https:\/\/nuovaidea.ro\/magazin\/buchet-softly-romantic-spring\/#primaryimage"},"thumbnailUrl":"https:\/\/nuovaidea.ro\/wp-content\/uploads\/2020\/06\/NIBMM001.jpg","datePublished":"2020-06-14T16:31:35+00:00","description":"Buchet de mireasa Softly Romantic Spring, ori de c\u00e2te ori vis\u0103m la prim\u0103vara, orice mireasa viseaza la \u00a0un minunat buchet de bujori albi.","breadcrumb":{"@id":"https:\/\/nuovaidea.ro\/magazin\/buchet-softly-romantic-spring\/#breadcrumb"},"inLanguage":"en-GB","potentialAction":[{"@type":"ReadAction","target":["https:\/\/nuovaidea.ro\/magazin\/buchet-softly-romantic-spring\/"]}]},{"@type":"ImageObject","inLanguage":"en-GB","@id":"https:\/\/nuovaidea.ro\/magazin\/buchet-softly-romantic-spring\/#primaryimage","url":"https:\/\/nuovaidea.ro\/wp-content\/uploads\/2020\/06\/NIBMM001.jpg","contentUrl":"https:\/\/nuovaidea.ro\/wp-content\/uploads\/2020\/06\/NIBMM001.jpg","width":800,"height":800,"caption":"Buchet Softly Romantic Spring"},{"@type":"BreadcrumbList","@id":"https:\/\/nuovaidea.ro\/magazin\/buchet-softly-romantic-spring\/#breadcrumb","itemListElement":[{"@type":"ListItem","position":1,"name":"Acas\u0103","item":"https:\/\/nuovaidea.ro\/"},{"@type":"ListItem","position":2,"name":"Magazin","item":"https:\/\/nuovaidea.ro\/magazin\/"},{"@type":"ListItem","position":3,"name":"Buchet Softly Romantic Spring"}]},{"@type":"WebSite","@id":"https:\/\/nuovaidea.ro\/#website","url":"https:\/\/nuovaidea.ro\/","name":"New Idea","description":"pentru momente deosebite","publisher":{"@id":"https:\/\/nuovaidea.ro\/#organization"},"potentialAction":[{"@type":"SearchAction","target":{"@type":"EntryPoint","urlTemplate":"https:\/\/nuovaidea.ro\/?s={search_term_string}"},"query-input":{"@type":"PropertyValueSpecification","valueRequired":true,"valueName":"search_term_string"}}],"inLanguage":"en-GB"},{"@type":"Organization","@id":"https:\/\/nuovaidea.ro\/#organization","name":"New Idea","url":"https:\/\/nuovaidea.ro\/","logo":{"@type":"ImageObject","inLanguage":"en-GB","@id":"https:\/\/nuovaidea.ro\/#\/schema\/logo\/image\/","url":"https:\/\/nuovaidea.ro\/wp-content\/uploads\/2014\/04\/NuovaIdea.png?v=1581004740","contentUrl":"https:\/\/nuovaidea.ro\/wp-content\/uploads\/2014\/04\/NuovaIdea.png?v=1581004740","width":397,"height":85,"caption":"Nuova Idea"},"image":{"@id":"https:\/\/nuovaidea.ro\/#\/schema\/logo\/image\/"},"sameAs":["https:\/\/www.facebook.com\/NuovaIdeaPloiesti","https:\/\/x.com\/NuovaIdeaRO","https:\/\/www.instagram.com\/nuovaideaploiesti\/","https:\/\/ro.pinterest.com\/nuovaidea\/","https:\/\/www.youtube.com\/channel\/UCbS2fJjONgV51Wt7zlM3tsw"]}]}},"_links":{"self":[{"href":"https:\/\/nuovaidea.ro\/en\/wp-json\/wp\/v2\/product\/10685","targetHints":{"allow":["GET"]}}],"collection":[{"href":"https:\/\/nuovaidea.ro\/en\/wp-json\/wp\/v2\/product"}],"about":[{"href":"https:\/\/nuovaidea.ro\/en\/wp-json\/wp\/v2\/types\/product"}],"replies":[{"embeddable":true,"href":"https:\/\/nuovaidea.ro\/en\/wp-json\/wp\/v2\/comments?post=10685"}],"wp:featuredmedia":[{"embeddable":true,"href":"https:\/\/nuovaidea.ro\/en\/wp-json\/wp\/v2\/media\/10686"}],"wp:attachment":[{"href":"https:\/\/nuovaidea.ro\/en\/wp-json\/wp\/v2\/media?parent=10685"}],"wp:term":[{"taxonomy":"product_brand","embeddable":true,"href":"https:\/\/nuovaidea.ro\/en\/wp-json\/wp\/v2\/product_brand?post=10685"},{"taxonomy":"product_cat","embeddable":true,"href":"https:\/\/nuovaidea.ro\/en\/wp-json\/wp\/v2\/product_cat?post=10685"},{"taxonomy":"product_tag","embeddable":true,"href":"https:\/\/nuovaidea.ro\/en\/wp-json\/wp\/v2\/product_tag?post=10685"}],"curies":[{"name":"wp","href":"https:\/\/api.w.org\/{rel}","templated":true}]}}